{"id":525,"date":"2022-01-31T09:48:08","date_gmt":"2022-01-31T09:48:08","guid":{"rendered":"https:\/\/armenian-duduk.com\/?post_type=product&#038;p=525"},"modified":"2025-07-10T11:32:12","modified_gmt":"2025-07-10T11:32:12","slug":"duduk-ebene-du-mozambique","status":"publish","type":"product","link":"https:\/\/armenian-duduk.com\/en\/product\/duduk-ebene-du-mozambique\/","title":{"rendered":"Duduk \u2013 Ebony from Mozambique"},"content":{"rendered":"<p><span style=\"font-weight: 400;\">Wood of great density, it is used in particular for the manufacture of clarinet and modern oboe.<\/span><\/p>\n<p>The duduk is an Armenian wind instrument. Traditionally made of apricot wood, the duduk is a particular type of oboe due to its cylindrical bore. It is played with a large double cane reed and its body is pierced with eight holes above and two below (one for the thumb and the other for the tuning). Its range, finally, is an octave and a third.<\/p>\n<p>All our products come with a reed.<\/p>","protected":false},"excerpt":{"rendered":"<p><span style=\"font-weight: 400;\">Wood of great density, it is used in particular for the manufacture of clarinet and modern oboe.<\/span><\/p>\n<p>All our products come with a reed.<\/p>","protected":false},"featured_media":531,"comment_status":"open","ping_status":"closed","template":"","meta":[],"product_brand":[],"product_cat":[37],"product_tag":[],"class_list":{"0":"post-525","1":"product","2":"type-product","3":"status-publish","4":"has-post-thumbnail","6":"product_cat-duduk","8":"first","9":"instock","10":"shipping-taxable","11":"purchasable","12":"product-type-variable"},"yoast_head":"<!-- This site is optimized with the Yoast SEO plugin v27.3 - https:\/\/yoast.com\/product\/yoast-seo-wordpress\/ -->\n<title>Duduk - Eb\u00e8ne du Mozambique - Sari Woodwinds - Duduk arm\u00e9nien<\/title>\n<meta name=\"robots\" content=\"index, follow, max-snippet:-1, max-image-preview:large, max-video-preview:-1\" \/>\n<link rel=\"canonical\" href=\"https:\/\/armenian-duduk.com\/en\/product\/duduk-ebene-du-mozambique\/\" \/>\n<meta property=\"og:locale\" content=\"en_US\" \/>\n<meta property=\"og:type\" content=\"article\" \/>\n<meta property=\"og:title\" content=\"Duduk - Eb\u00e8ne du Mozambique - Sari Woodwinds - Duduk arm\u00e9nien\" \/>\n<meta property=\"og:description\" content=\"Bois\u00a0 d\u2019une\u00a0 grande densit\u00e9, il est notamment utilis\u00e9 pour la fabrication de clarinette et de hautbois moderne.  Tous nos produits sont livr\u00e9s avec une anche.\" \/>\n<meta property=\"og:url\" content=\"https:\/\/armenian-duduk.com\/en\/product\/duduk-ebene-du-mozambique\/\" \/>\n<meta property=\"og:site_name\" content=\"Sari Woodwinds - Duduk arm\u00e9nien\" \/>\n<meta property=\"article:modified_time\" content=\"2025-07-10T11:32:12+00:00\" \/>\n<meta property=\"og:image\" content=\"https:\/\/armenian-duduk.com\/wp-content\/uploads\/2022\/01\/EBENE-DU-MOZAMBIQUE-2.jpg\" \/>\n\t<meta property=\"og:image:width\" content=\"1670\" \/>\n\t<meta property=\"og:image:height\" content=\"1164\" \/>\n\t<meta property=\"og:image:type\" content=\"image\/jpeg\" \/>\n<meta name=\"twitter:card\" content=\"summary_large_image\" \/>\n<meta name=\"twitter:label1\" content=\"Est. reading time\" \/>\n\t<meta name=\"twitter:data1\" content=\"1 minute\" \/>\n<script type=\"application\/ld+json\" class=\"yoast-schema-graph\">{\"@context\":\"https:\\\/\\\/schema.org\",\"@graph\":[{\"@type\":\"WebPage\",\"@id\":\"https:\\\/\\\/armenian-duduk.com\\\/product\\\/duduk-ebene-du-mozambique\\\/\",\"url\":\"https:\\\/\\\/armenian-duduk.com\\\/product\\\/duduk-ebene-du-mozambique\\\/\",\"name\":\"Duduk - Eb\u00e8ne du Mozambique - Sari Woodwinds - Duduk arm\u00e9nien\",\"isPartOf\":{\"@id\":\"https:\\\/\\\/armenian-duduk.com\\\/#website\"},\"primaryImageOfPage\":{\"@id\":\"https:\\\/\\\/armenian-duduk.com\\\/product\\\/duduk-ebene-du-mozambique\\\/#primaryimage\"},\"image\":{\"@id\":\"https:\\\/\\\/armenian-duduk.com\\\/product\\\/duduk-ebene-du-mozambique\\\/#primaryimage\"},\"thumbnailUrl\":\"https:\\\/\\\/armenian-duduk.com\\\/wp-content\\\/uploads\\\/2022\\\/01\\\/EBENE-DU-MOZAMBIQUE-2.jpg\",\"datePublished\":\"2022-01-31T09:48:08+00:00\",\"dateModified\":\"2025-07-10T11:32:12+00:00\",\"breadcrumb\":{\"@id\":\"https:\\\/\\\/armenian-duduk.com\\\/product\\\/duduk-ebene-du-mozambique\\\/#breadcrumb\"},\"inLanguage\":\"en-US\",\"potentialAction\":[{\"@type\":\"ReadAction\",\"target\":[\"https:\\\/\\\/armenian-duduk.com\\\/product\\\/duduk-ebene-du-mozambique\\\/\"]}]},{\"@type\":\"ImageObject\",\"inLanguage\":\"en-US\",\"@id\":\"https:\\\/\\\/armenian-duduk.com\\\/product\\\/duduk-ebene-du-mozambique\\\/#primaryimage\",\"url\":\"https:\\\/\\\/armenian-duduk.com\\\/wp-content\\\/uploads\\\/2022\\\/01\\\/EBENE-DU-MOZAMBIQUE-2.jpg\",\"contentUrl\":\"https:\\\/\\\/armenian-duduk.com\\\/wp-content\\\/uploads\\\/2022\\\/01\\\/EBENE-DU-MOZAMBIQUE-2.jpg\",\"width\":1670,\"height\":1164},{\"@type\":\"BreadcrumbList\",\"@id\":\"https:\\\/\\\/armenian-duduk.com\\\/product\\\/duduk-ebene-du-mozambique\\\/#breadcrumb\",\"itemListElement\":[{\"@type\":\"ListItem\",\"position\":1,\"name\":\"Accueil\",\"item\":\"https:\\\/\\\/armenian-duduk.com\\\/\"},{\"@type\":\"ListItem\",\"position\":2,\"name\":\"Shop\",\"item\":\"https:\\\/\\\/armenian-duduk.com\\\/shop\\\/\"},{\"@type\":\"ListItem\",\"position\":3,\"name\":\"Duduk &#8211; Eb\u00e8ne du Mozambique\"}]},{\"@type\":\"WebSite\",\"@id\":\"https:\\\/\\\/armenian-duduk.com\\\/#website\",\"url\":\"https:\\\/\\\/armenian-duduk.com\\\/\",\"name\":\"Sari Woodwinds - Duduk arm\u00e9nien\",\"description\":\"Atelier de duduks arm\u00e9niens\",\"publisher\":{\"@id\":\"https:\\\/\\\/armenian-duduk.com\\\/#organization\"},\"potentialAction\":[{\"@type\":\"SearchAction\",\"target\":{\"@type\":\"EntryPoint\",\"urlTemplate\":\"https:\\\/\\\/armenian-duduk.com\\\/?s={search_term_string}\"},\"query-input\":{\"@type\":\"PropertyValueSpecification\",\"valueRequired\":true,\"valueName\":\"search_term_string\"}}],\"inLanguage\":\"en-US\"},{\"@type\":\"Organization\",\"@id\":\"https:\\\/\\\/armenian-duduk.com\\\/#organization\",\"name\":\"Armenian Duduk\",\"url\":\"https:\\\/\\\/armenian-duduk.com\\\/\",\"logo\":{\"@type\":\"ImageObject\",\"inLanguage\":\"en-US\",\"@id\":\"https:\\\/\\\/armenian-duduk.com\\\/#\\\/schema\\\/logo\\\/image\\\/\",\"url\":\"https:\\\/\\\/armenian-duduk.com\\\/wp-content\\\/uploads\\\/2022\\\/01\\\/cropped-icon.jpg\",\"contentUrl\":\"https:\\\/\\\/armenian-duduk.com\\\/wp-content\\\/uploads\\\/2022\\\/01\\\/cropped-icon.jpg\",\"width\":512,\"height\":512,\"caption\":\"Armenian Duduk\"},\"image\":{\"@id\":\"https:\\\/\\\/armenian-duduk.com\\\/#\\\/schema\\\/logo\\\/image\\\/\"}}]}<\/script>\n<!-- \/ Yoast SEO plugin. -->","yoast_head_json":{"title":"Duduk - Eb\u00e8ne du Mozambique - Sari Woodwinds - Duduk arm\u00e9nien","robots":{"index":"index","follow":"follow","max-snippet":"max-snippet:-1","max-image-preview":"max-image-preview:large","max-video-preview":"max-video-preview:-1"},"canonical":"https:\/\/armenian-duduk.com\/en\/product\/duduk-ebene-du-mozambique\/","og_locale":"en_US","og_type":"article","og_title":"Duduk - Eb\u00e8ne du Mozambique - Sari Woodwinds - Duduk arm\u00e9nien","og_description":"Bois\u00a0 d\u2019une\u00a0 grande densit\u00e9, il est notamment utilis\u00e9 pour la fabrication de clarinette et de hautbois moderne.  Tous nos produits sont livr\u00e9s avec une anche.","og_url":"https:\/\/armenian-duduk.com\/en\/product\/duduk-ebene-du-mozambique\/","og_site_name":"Sari Woodwinds - Duduk arm\u00e9nien","article_modified_time":"2025-07-10T11:32:12+00:00","og_image":[{"width":1670,"height":1164,"url":"https:\/\/armenian-duduk.com\/wp-content\/uploads\/2022\/01\/EBENE-DU-MOZAMBIQUE-2.jpg","type":"image\/jpeg"}],"twitter_card":"summary_large_image","twitter_misc":{"Est. reading time":"1 minute"},"schema":{"@context":"https:\/\/schema.org","@graph":[{"@type":"WebPage","@id":"https:\/\/armenian-duduk.com\/product\/duduk-ebene-du-mozambique\/","url":"https:\/\/armenian-duduk.com\/product\/duduk-ebene-du-mozambique\/","name":"Duduk - Eb\u00e8ne du Mozambique - Sari Woodwinds - Duduk arm\u00e9nien","isPartOf":{"@id":"https:\/\/armenian-duduk.com\/#website"},"primaryImageOfPage":{"@id":"https:\/\/armenian-duduk.com\/product\/duduk-ebene-du-mozambique\/#primaryimage"},"image":{"@id":"https:\/\/armenian-duduk.com\/product\/duduk-ebene-du-mozambique\/#primaryimage"},"thumbnailUrl":"https:\/\/armenian-duduk.com\/wp-content\/uploads\/2022\/01\/EBENE-DU-MOZAMBIQUE-2.jpg","datePublished":"2022-01-31T09:48:08+00:00","dateModified":"2025-07-10T11:32:12+00:00","breadcrumb":{"@id":"https:\/\/armenian-duduk.com\/product\/duduk-ebene-du-mozambique\/#breadcrumb"},"inLanguage":"en-US","potentialAction":[{"@type":"ReadAction","target":["https:\/\/armenian-duduk.com\/product\/duduk-ebene-du-mozambique\/"]}]},{"@type":"ImageObject","inLanguage":"en-US","@id":"https:\/\/armenian-duduk.com\/product\/duduk-ebene-du-mozambique\/#primaryimage","url":"https:\/\/armenian-duduk.com\/wp-content\/uploads\/2022\/01\/EBENE-DU-MOZAMBIQUE-2.jpg","contentUrl":"https:\/\/armenian-duduk.com\/wp-content\/uploads\/2022\/01\/EBENE-DU-MOZAMBIQUE-2.jpg","width":1670,"height":1164},{"@type":"BreadcrumbList","@id":"https:\/\/armenian-duduk.com\/product\/duduk-ebene-du-mozambique\/#breadcrumb","itemListElement":[{"@type":"ListItem","position":1,"name":"Accueil","item":"https:\/\/armenian-duduk.com\/"},{"@type":"ListItem","position":2,"name":"Shop","item":"https:\/\/armenian-duduk.com\/shop\/"},{"@type":"ListItem","position":3,"name":"Duduk &#8211; Eb\u00e8ne du Mozambique"}]},{"@type":"WebSite","@id":"https:\/\/armenian-duduk.com\/#website","url":"https:\/\/armenian-duduk.com\/","name":"Sari Woodwinds - Duduk arm\u00e9nien","description":"Atelier de duduks arm\u00e9niens","publisher":{"@id":"https:\/\/armenian-duduk.com\/#organization"},"potentialAction":[{"@type":"SearchAction","target":{"@type":"EntryPoint","urlTemplate":"https:\/\/armenian-duduk.com\/?s={search_term_string}"},"query-input":{"@type":"PropertyValueSpecification","valueRequired":true,"valueName":"search_term_string"}}],"inLanguage":"en-US"},{"@type":"Organization","@id":"https:\/\/armenian-duduk.com\/#organization","name":"Armenian Duduk","url":"https:\/\/armenian-duduk.com\/","logo":{"@type":"ImageObject","inLanguage":"en-US","@id":"https:\/\/armenian-duduk.com\/#\/schema\/logo\/image\/","url":"https:\/\/armenian-duduk.com\/wp-content\/uploads\/2022\/01\/cropped-icon.jpg","contentUrl":"https:\/\/armenian-duduk.com\/wp-content\/uploads\/2022\/01\/cropped-icon.jpg","width":512,"height":512,"caption":"Armenian Duduk"},"image":{"@id":"https:\/\/armenian-duduk.com\/#\/schema\/logo\/image\/"}}]}},"_links":{"self":[{"href":"https:\/\/armenian-duduk.com\/en\/wp-json\/wp\/v2\/product\/525","targetHints":{"allow":["GET"]}}],"collection":[{"href":"https:\/\/armenian-duduk.com\/en\/wp-json\/wp\/v2\/product"}],"about":[{"href":"https:\/\/armenian-duduk.com\/en\/wp-json\/wp\/v2\/types\/product"}],"replies":[{"embeddable":true,"href":"https:\/\/armenian-duduk.com\/en\/wp-json\/wp\/v2\/comments?post=525"}],"version-history":[{"count":0,"href":"https:\/\/armenian-duduk.com\/en\/wp-json\/wp\/v2\/product\/525\/revisions"}],"wp:featuredmedia":[{"embeddable":true,"href":"https:\/\/armenian-duduk.com\/en\/wp-json\/wp\/v2\/media\/531"}],"wp:attachment":[{"href":"https:\/\/armenian-duduk.com\/en\/wp-json\/wp\/v2\/media?parent=525"}],"wp:term":[{"taxonomy":"product_brand","embeddable":true,"href":"https:\/\/armenian-duduk.com\/en\/wp-json\/wp\/v2\/product_brand?post=525"},{"taxonomy":"product_cat","embeddable":true,"href":"https:\/\/armenian-duduk.com\/en\/wp-json\/wp\/v2\/product_cat?post=525"},{"taxonomy":"product_tag","embeddable":true,"href":"https:\/\/armenian-duduk.com\/en\/wp-json\/wp\/v2\/product_tag?post=525"}],"curies":[{"name":"wp","href":"https:\/\/api.w.org\/{rel}","templated":true}]}}