{"id":535,"date":"2022-01-31T11:12:33","date_gmt":"2022-01-31T11:12:33","guid":{"rendered":"https:\/\/armenian-duduk.com\/?post_type=product&#038;p=535"},"modified":"2026-03-06T07:30:45","modified_gmt":"2026-03-06T07:30:45","slug":"anche","status":"publish","type":"product","link":"https:\/\/armenian-duduk.com\/en\/product\/anche\/","title":{"rendered":"Reed"},"content":{"rendered":"<p>Arundo donax is the most used reed in Armenia nowadays. The harvest period is between October and February. The diameter used is between 18.50 and 21.50 mm and the length is between 8.50 and 10.50 cm. Once selected, the reed is partly peeled. The final shape is given either by immersing the reed in near boiling water, or by parboiling it and using rings which will give it its final shape.<\/p>","protected":false},"excerpt":{"rendered":"<p>Arundo donax is the most used reed in Armenia nowadays. The harvest period is between October and February. The diameter used is between 18.50 and 21.50 mm and the length is between 8.50 and 10.50 cm. Once selected, the reed is partly peeled. The final shape is given either by immersing the reed in near boiling water, or by parboiling it and using rings which will give it its final shape.<\/p>","protected":false},"featured_media":540,"comment_status":"open","ping_status":"closed","template":"","meta":[],"product_brand":[],"product_cat":[38],"product_tag":[],"class_list":{"0":"post-535","1":"product","2":"type-product","3":"status-publish","4":"has-post-thumbnail","6":"product_cat-anche","8":"first","9":"instock","10":"shipping-taxable","11":"purchasable","12":"product-type-simple"},"yoast_head":"<!-- This site is optimized with the Yoast SEO plugin v27.4 - https:\/\/yoast.com\/product\/yoast-seo-wordpress\/ -->\n<title>Anche - Sari Woodwinds - Duduk arm\u00e9nien<\/title>\n<meta name=\"robots\" content=\"index, follow, max-snippet:-1, max-image-preview:large, max-video-preview:-1\" \/>\n<link rel=\"canonical\" href=\"https:\/\/armenian-duduk.com\/en\/product\/anche\/\" \/>\n<meta property=\"og:locale\" content=\"en_US\" \/>\n<meta property=\"og:type\" content=\"article\" \/>\n<meta property=\"og:title\" content=\"Anche - Sari Woodwinds - Duduk arm\u00e9nien\" \/>\n<meta property=\"og:description\" content=\"L\u2019arundo donax est le roseau le plus utilis\u00e9 en Arm\u00e9nie de nos jours. La p\u00e9riode de sa r\u00e9colte se situe entre octobre et f\u00e9vrier. Le diam\u00e8tre utilis\u00e9 se situe entre 18,50 et 21,50 mm et la longueur est comprise entre 8,50 et 10,50 cm. Une fois s\u00e9lectionn\u00e9, le roseau est en parti \u00e9pluch\u00e9. La forme finale est donn\u00e9e soit en plongeant le roseau dans de l\u2019eau proche de l\u2019\u00e9bullition, soit en l\u2019\u00e9tuvant et en utilisant des bagues qui lui donneront sa forme finale.\" \/>\n<meta property=\"og:url\" content=\"https:\/\/armenian-duduk.com\/en\/product\/anche\/\" \/>\n<meta property=\"og:site_name\" content=\"Sari Woodwinds - Duduk arm\u00e9nien\" \/>\n<meta property=\"article:modified_time\" content=\"2026-03-06T07:30:45+00:00\" \/>\n<meta property=\"og:image\" content=\"https:\/\/armenian-duduk.com\/wp-content\/uploads\/2022\/01\/anche.jpg\" \/>\n\t<meta property=\"og:image:width\" content=\"1206\" \/>\n\t<meta property=\"og:image:height\" content=\"808\" \/>\n\t<meta property=\"og:image:type\" content=\"image\/jpeg\" \/>\n<meta name=\"twitter:card\" content=\"summary_large_image\" \/>\n<script type=\"application\/ld+json\" class=\"yoast-schema-graph\">{\"@context\":\"https:\\\/\\\/schema.org\",\"@graph\":[{\"@type\":\"WebPage\",\"@id\":\"https:\\\/\\\/armenian-duduk.com\\\/product\\\/anche\\\/\",\"url\":\"https:\\\/\\\/armenian-duduk.com\\\/product\\\/anche\\\/\",\"name\":\"Anche - Sari Woodwinds - Duduk arm\u00e9nien\",\"isPartOf\":{\"@id\":\"https:\\\/\\\/armenian-duduk.com\\\/#website\"},\"primaryImageOfPage\":{\"@id\":\"https:\\\/\\\/armenian-duduk.com\\\/product\\\/anche\\\/#primaryimage\"},\"image\":{\"@id\":\"https:\\\/\\\/armenian-duduk.com\\\/product\\\/anche\\\/#primaryimage\"},\"thumbnailUrl\":\"https:\\\/\\\/armenian-duduk.com\\\/wp-content\\\/uploads\\\/2022\\\/01\\\/anche.jpg\",\"datePublished\":\"2022-01-31T11:12:33+00:00\",\"dateModified\":\"2026-03-06T07:30:45+00:00\",\"breadcrumb\":{\"@id\":\"https:\\\/\\\/armenian-duduk.com\\\/product\\\/anche\\\/#breadcrumb\"},\"inLanguage\":\"en-US\",\"potentialAction\":[{\"@type\":\"ReadAction\",\"target\":[\"https:\\\/\\\/armenian-duduk.com\\\/product\\\/anche\\\/\"]}]},{\"@type\":\"ImageObject\",\"inLanguage\":\"en-US\",\"@id\":\"https:\\\/\\\/armenian-duduk.com\\\/product\\\/anche\\\/#primaryimage\",\"url\":\"https:\\\/\\\/armenian-duduk.com\\\/wp-content\\\/uploads\\\/2022\\\/01\\\/anche.jpg\",\"contentUrl\":\"https:\\\/\\\/armenian-duduk.com\\\/wp-content\\\/uploads\\\/2022\\\/01\\\/anche.jpg\",\"width\":1206,\"height\":808},{\"@type\":\"BreadcrumbList\",\"@id\":\"https:\\\/\\\/armenian-duduk.com\\\/product\\\/anche\\\/#breadcrumb\",\"itemListElement\":[{\"@type\":\"ListItem\",\"position\":1,\"name\":\"Accueil\",\"item\":\"https:\\\/\\\/armenian-duduk.com\\\/\"},{\"@type\":\"ListItem\",\"position\":2,\"name\":\"Shop\",\"item\":\"https:\\\/\\\/armenian-duduk.com\\\/shop\\\/\"},{\"@type\":\"ListItem\",\"position\":3,\"name\":\"Anche\"}]},{\"@type\":\"WebSite\",\"@id\":\"https:\\\/\\\/armenian-duduk.com\\\/#website\",\"url\":\"https:\\\/\\\/armenian-duduk.com\\\/\",\"name\":\"Sari Woodwinds - Duduk arm\u00e9nien\",\"description\":\"Atelier de duduks arm\u00e9niens\",\"publisher\":{\"@id\":\"https:\\\/\\\/armenian-duduk.com\\\/#organization\"},\"potentialAction\":[{\"@type\":\"SearchAction\",\"target\":{\"@type\":\"EntryPoint\",\"urlTemplate\":\"https:\\\/\\\/armenian-duduk.com\\\/?s={search_term_string}\"},\"query-input\":{\"@type\":\"PropertyValueSpecification\",\"valueRequired\":true,\"valueName\":\"search_term_string\"}}],\"inLanguage\":\"en-US\"},{\"@type\":\"Organization\",\"@id\":\"https:\\\/\\\/armenian-duduk.com\\\/#organization\",\"name\":\"Armenian Duduk\",\"url\":\"https:\\\/\\\/armenian-duduk.com\\\/\",\"logo\":{\"@type\":\"ImageObject\",\"inLanguage\":\"en-US\",\"@id\":\"https:\\\/\\\/armenian-duduk.com\\\/#\\\/schema\\\/logo\\\/image\\\/\",\"url\":\"https:\\\/\\\/armenian-duduk.com\\\/wp-content\\\/uploads\\\/2022\\\/01\\\/cropped-icon.jpg\",\"contentUrl\":\"https:\\\/\\\/armenian-duduk.com\\\/wp-content\\\/uploads\\\/2022\\\/01\\\/cropped-icon.jpg\",\"width\":512,\"height\":512,\"caption\":\"Armenian Duduk\"},\"image\":{\"@id\":\"https:\\\/\\\/armenian-duduk.com\\\/#\\\/schema\\\/logo\\\/image\\\/\"}}]}<\/script>\n<!-- \/ Yoast SEO plugin. -->","yoast_head_json":{"title":"Anche - Sari Woodwinds - Duduk arm\u00e9nien","robots":{"index":"index","follow":"follow","max-snippet":"max-snippet:-1","max-image-preview":"max-image-preview:large","max-video-preview":"max-video-preview:-1"},"canonical":"https:\/\/armenian-duduk.com\/en\/product\/anche\/","og_locale":"en_US","og_type":"article","og_title":"Anche - Sari Woodwinds - Duduk arm\u00e9nien","og_description":"L\u2019arundo donax est le roseau le plus utilis\u00e9 en Arm\u00e9nie de nos jours. La p\u00e9riode de sa r\u00e9colte se situe entre octobre et f\u00e9vrier. Le diam\u00e8tre utilis\u00e9 se situe entre 18,50 et 21,50 mm et la longueur est comprise entre 8,50 et 10,50 cm. Une fois s\u00e9lectionn\u00e9, le roseau est en parti \u00e9pluch\u00e9. La forme finale est donn\u00e9e soit en plongeant le roseau dans de l\u2019eau proche de l\u2019\u00e9bullition, soit en l\u2019\u00e9tuvant et en utilisant des bagues qui lui donneront sa forme finale.","og_url":"https:\/\/armenian-duduk.com\/en\/product\/anche\/","og_site_name":"Sari Woodwinds - Duduk arm\u00e9nien","article_modified_time":"2026-03-06T07:30:45+00:00","og_image":[{"width":1206,"height":808,"url":"https:\/\/armenian-duduk.com\/wp-content\/uploads\/2022\/01\/anche.jpg","type":"image\/jpeg"}],"twitter_card":"summary_large_image","schema":{"@context":"https:\/\/schema.org","@graph":[{"@type":"WebPage","@id":"https:\/\/armenian-duduk.com\/product\/anche\/","url":"https:\/\/armenian-duduk.com\/product\/anche\/","name":"Anche - Sari Woodwinds - Duduk arm\u00e9nien","isPartOf":{"@id":"https:\/\/armenian-duduk.com\/#website"},"primaryImageOfPage":{"@id":"https:\/\/armenian-duduk.com\/product\/anche\/#primaryimage"},"image":{"@id":"https:\/\/armenian-duduk.com\/product\/anche\/#primaryimage"},"thumbnailUrl":"https:\/\/armenian-duduk.com\/wp-content\/uploads\/2022\/01\/anche.jpg","datePublished":"2022-01-31T11:12:33+00:00","dateModified":"2026-03-06T07:30:45+00:00","breadcrumb":{"@id":"https:\/\/armenian-duduk.com\/product\/anche\/#breadcrumb"},"inLanguage":"en-US","potentialAction":[{"@type":"ReadAction","target":["https:\/\/armenian-duduk.com\/product\/anche\/"]}]},{"@type":"ImageObject","inLanguage":"en-US","@id":"https:\/\/armenian-duduk.com\/product\/anche\/#primaryimage","url":"https:\/\/armenian-duduk.com\/wp-content\/uploads\/2022\/01\/anche.jpg","contentUrl":"https:\/\/armenian-duduk.com\/wp-content\/uploads\/2022\/01\/anche.jpg","width":1206,"height":808},{"@type":"BreadcrumbList","@id":"https:\/\/armenian-duduk.com\/product\/anche\/#breadcrumb","itemListElement":[{"@type":"ListItem","position":1,"name":"Accueil","item":"https:\/\/armenian-duduk.com\/"},{"@type":"ListItem","position":2,"name":"Shop","item":"https:\/\/armenian-duduk.com\/shop\/"},{"@type":"ListItem","position":3,"name":"Anche"}]},{"@type":"WebSite","@id":"https:\/\/armenian-duduk.com\/#website","url":"https:\/\/armenian-duduk.com\/","name":"Sari Woodwinds - Duduk arm\u00e9nien","description":"Atelier de duduks arm\u00e9niens","publisher":{"@id":"https:\/\/armenian-duduk.com\/#organization"},"potentialAction":[{"@type":"SearchAction","target":{"@type":"EntryPoint","urlTemplate":"https:\/\/armenian-duduk.com\/?s={search_term_string}"},"query-input":{"@type":"PropertyValueSpecification","valueRequired":true,"valueName":"search_term_string"}}],"inLanguage":"en-US"},{"@type":"Organization","@id":"https:\/\/armenian-duduk.com\/#organization","name":"Armenian Duduk","url":"https:\/\/armenian-duduk.com\/","logo":{"@type":"ImageObject","inLanguage":"en-US","@id":"https:\/\/armenian-duduk.com\/#\/schema\/logo\/image\/","url":"https:\/\/armenian-duduk.com\/wp-content\/uploads\/2022\/01\/cropped-icon.jpg","contentUrl":"https:\/\/armenian-duduk.com\/wp-content\/uploads\/2022\/01\/cropped-icon.jpg","width":512,"height":512,"caption":"Armenian Duduk"},"image":{"@id":"https:\/\/armenian-duduk.com\/#\/schema\/logo\/image\/"}}]}},"_links":{"self":[{"href":"https:\/\/armenian-duduk.com\/en\/wp-json\/wp\/v2\/product\/535","targetHints":{"allow":["GET"]}}],"collection":[{"href":"https:\/\/armenian-duduk.com\/en\/wp-json\/wp\/v2\/product"}],"about":[{"href":"https:\/\/armenian-duduk.com\/en\/wp-json\/wp\/v2\/types\/product"}],"replies":[{"embeddable":true,"href":"https:\/\/armenian-duduk.com\/en\/wp-json\/wp\/v2\/comments?post=535"}],"version-history":[{"count":0,"href":"https:\/\/armenian-duduk.com\/en\/wp-json\/wp\/v2\/product\/535\/revisions"}],"wp:featuredmedia":[{"embeddable":true,"href":"https:\/\/armenian-duduk.com\/en\/wp-json\/wp\/v2\/media\/540"}],"wp:attachment":[{"href":"https:\/\/armenian-duduk.com\/en\/wp-json\/wp\/v2\/media?parent=535"}],"wp:term":[{"taxonomy":"product_brand","embeddable":true,"href":"https:\/\/armenian-duduk.com\/en\/wp-json\/wp\/v2\/product_brand?post=535"},{"taxonomy":"product_cat","embeddable":true,"href":"https:\/\/armenian-duduk.com\/en\/wp-json\/wp\/v2\/product_cat?post=535"},{"taxonomy":"product_tag","embeddable":true,"href":"https:\/\/armenian-duduk.com\/en\/wp-json\/wp\/v2\/product_tag?post=535"}],"curies":[{"name":"wp","href":"https:\/\/api.w.org\/{rel}","templated":true}]}}