{"id":906,"date":"2026-05-05T05:05:36","date_gmt":"2026-05-05T05:05:36","guid":{"rendered":"https:\/\/armenian-duduk.com\/?post_type=product&#038;p=906"},"modified":"2026-05-05T05:05:36","modified_gmt":"2026-05-05T05:05:36","slug":"etui-pour-deux-duduks","status":"publish","type":"product","link":"https:\/\/armenian-duduk.com\/en\/product\/etui-pour-deux-duduks\/","title":{"rendered":"\u00c9tui pour deux Duduks"},"content":{"rendered":"<p>\u00c9tui semi-rigide sur mesure pour deux Duduks et deux anches. Son\u00a0<b>rev\u00eatement<\/b>\u00a0prot\u00e8ge des chocs et son\u00a0<b>rembourrage doux<\/b>\u00a0\u00e9vite les rayures.<\/p>\n<ul>\n<li><b>Mati\u00e8res :<\/b>\u00a0Cuir noir et Nubuck bordeaux<\/li>\n<li><b>Capacit\u00e9 :<\/b>\u00a02 Duduks (La) + 2 anches<\/li>\n<li><b>Longueur :<\/b>\u00a038,5 cm<\/li>\n<\/ul>","protected":false},"excerpt":{"rendered":"<p>\u00c9tui semi-rigide sur mesure pour deux Duduks et deux anches. Son\u00a0<b>rev\u00eatement<\/b>\u00a0prot\u00e8ge des chocs et son\u00a0<b>rembourrage doux<\/b>\u00a0\u00e9vite les rayures.<\/p>\n<ul>\n<li><b>Mati\u00e8res :<\/b>\u00a0Cuir noir et Nubuck bordeaux<\/li>\n<li><b>Capacit\u00e9 :<\/b>\u00a02 Duduks (La) + 2 anches<\/li>\n<li><b>Longueur :<\/b>\u00a038,5 cm<\/li>\n<\/ul>","protected":false},"featured_media":909,"comment_status":"open","ping_status":"closed","template":"","meta":[],"product_brand":[],"product_cat":[15],"product_tag":[],"class_list":{"0":"post-906","1":"product","2":"type-product","3":"status-publish","4":"has-post-thumbnail","6":"product_cat-uncategorized","8":"first","9":"instock","10":"shipping-taxable","11":"purchasable","12":"product-type-simple"},"yoast_head":"<!-- This site is optimized with the Yoast SEO plugin v27.5 - https:\/\/yoast.com\/product\/yoast-seo-wordpress\/ -->\n<title>\u00c9tui pour deux duduks<\/title>\n<meta name=\"description\" content=\"D\u00e9couvrez sur la boutique d&#039;Armenian duduk, notre \u00e9tui pour deux duduks.\" \/>\n<meta name=\"robots\" content=\"index, follow, max-snippet:-1, max-image-preview:large, max-video-preview:-1\" \/>\n<link rel=\"canonical\" href=\"https:\/\/armenian-duduk.com\/en\/product\/etui-pour-deux-duduks\/\" \/>\n<meta property=\"og:locale\" content=\"en_US\" \/>\n<meta property=\"og:type\" content=\"article\" \/>\n<meta property=\"og:title\" content=\"\u00c9tui pour deux duduks\" \/>\n<meta property=\"og:description\" content=\"D\u00e9couvrez sur la boutique d&#039;Armenian duduk, notre \u00e9tui pour deux duduks.\" \/>\n<meta property=\"og:url\" content=\"https:\/\/armenian-duduk.com\/en\/product\/etui-pour-deux-duduks\/\" \/>\n<meta property=\"og:site_name\" content=\"Sari Woodwinds - Duduk arm\u00e9nien\" \/>\n<meta property=\"og:image\" content=\"https:\/\/armenian-duduk.com\/wp-content\/uploads\/2026\/05\/etui.png\" \/>\n\t<meta property=\"og:image:width\" content=\"945\" \/>\n\t<meta property=\"og:image:height\" content=\"1538\" \/>\n\t<meta property=\"og:image:type\" content=\"image\/png\" \/>\n<meta name=\"twitter:card\" content=\"summary_large_image\" \/>\n<meta name=\"twitter:label1\" content=\"Est. reading time\" \/>\n\t<meta name=\"twitter:data1\" content=\"1 minute\" \/>\n<script type=\"application\/ld+json\" class=\"yoast-schema-graph\">{\"@context\":\"https:\\\/\\\/schema.org\",\"@graph\":[{\"@type\":\"WebPage\",\"@id\":\"https:\\\/\\\/armenian-duduk.com\\\/product\\\/etui-pour-deux-duduks\\\/\",\"url\":\"https:\\\/\\\/armenian-duduk.com\\\/product\\\/etui-pour-deux-duduks\\\/\",\"name\":\"\u00c9tui pour deux duduks\",\"isPartOf\":{\"@id\":\"https:\\\/\\\/armenian-duduk.com\\\/#website\"},\"primaryImageOfPage\":{\"@id\":\"https:\\\/\\\/armenian-duduk.com\\\/product\\\/etui-pour-deux-duduks\\\/#primaryimage\"},\"image\":{\"@id\":\"https:\\\/\\\/armenian-duduk.com\\\/product\\\/etui-pour-deux-duduks\\\/#primaryimage\"},\"thumbnailUrl\":\"https:\\\/\\\/armenian-duduk.com\\\/wp-content\\\/uploads\\\/2026\\\/05\\\/etui.png\",\"datePublished\":\"2026-05-05T05:05:36+00:00\",\"description\":\"D\u00e9couvrez sur la boutique d'Armenian duduk, notre \u00e9tui pour deux duduks.\",\"breadcrumb\":{\"@id\":\"https:\\\/\\\/armenian-duduk.com\\\/product\\\/etui-pour-deux-duduks\\\/#breadcrumb\"},\"inLanguage\":\"en-US\",\"potentialAction\":[{\"@type\":\"ReadAction\",\"target\":[\"https:\\\/\\\/armenian-duduk.com\\\/product\\\/etui-pour-deux-duduks\\\/\"]}]},{\"@type\":\"ImageObject\",\"inLanguage\":\"en-US\",\"@id\":\"https:\\\/\\\/armenian-duduk.com\\\/product\\\/etui-pour-deux-duduks\\\/#primaryimage\",\"url\":\"https:\\\/\\\/armenian-duduk.com\\\/wp-content\\\/uploads\\\/2026\\\/05\\\/etui.png\",\"contentUrl\":\"https:\\\/\\\/armenian-duduk.com\\\/wp-content\\\/uploads\\\/2026\\\/05\\\/etui.png\",\"width\":945,\"height\":1538},{\"@type\":\"BreadcrumbList\",\"@id\":\"https:\\\/\\\/armenian-duduk.com\\\/product\\\/etui-pour-deux-duduks\\\/#breadcrumb\",\"itemListElement\":[{\"@type\":\"ListItem\",\"position\":1,\"name\":\"Accueil\",\"item\":\"https:\\\/\\\/armenian-duduk.com\\\/\"},{\"@type\":\"ListItem\",\"position\":2,\"name\":\"Shop\",\"item\":\"https:\\\/\\\/armenian-duduk.com\\\/shop\\\/\"},{\"@type\":\"ListItem\",\"position\":3,\"name\":\"\u00c9tui pour deux Duduks\"}]},{\"@type\":\"WebSite\",\"@id\":\"https:\\\/\\\/armenian-duduk.com\\\/#website\",\"url\":\"https:\\\/\\\/armenian-duduk.com\\\/\",\"name\":\"Sari Woodwinds - Duduk arm\u00e9nien\",\"description\":\"Atelier de duduks arm\u00e9niens\",\"publisher\":{\"@id\":\"https:\\\/\\\/armenian-duduk.com\\\/#organization\"},\"potentialAction\":[{\"@type\":\"SearchAction\",\"target\":{\"@type\":\"EntryPoint\",\"urlTemplate\":\"https:\\\/\\\/armenian-duduk.com\\\/?s={search_term_string}\"},\"query-input\":{\"@type\":\"PropertyValueSpecification\",\"valueRequired\":true,\"valueName\":\"search_term_string\"}}],\"inLanguage\":\"en-US\"},{\"@type\":\"Organization\",\"@id\":\"https:\\\/\\\/armenian-duduk.com\\\/#organization\",\"name\":\"Armenian Duduk\",\"url\":\"https:\\\/\\\/armenian-duduk.com\\\/\",\"logo\":{\"@type\":\"ImageObject\",\"inLanguage\":\"en-US\",\"@id\":\"https:\\\/\\\/armenian-duduk.com\\\/#\\\/schema\\\/logo\\\/image\\\/\",\"url\":\"https:\\\/\\\/armenian-duduk.com\\\/wp-content\\\/uploads\\\/2022\\\/01\\\/cropped-icon.jpg\",\"contentUrl\":\"https:\\\/\\\/armenian-duduk.com\\\/wp-content\\\/uploads\\\/2022\\\/01\\\/cropped-icon.jpg\",\"width\":512,\"height\":512,\"caption\":\"Armenian Duduk\"},\"image\":{\"@id\":\"https:\\\/\\\/armenian-duduk.com\\\/#\\\/schema\\\/logo\\\/image\\\/\"}}]}<\/script>\n<!-- \/ Yoast SEO plugin. -->","yoast_head_json":{"title":"\u00c9tui pour deux duduks","description":"D\u00e9couvrez sur la boutique d'Armenian duduk, notre \u00e9tui pour deux duduks.","robots":{"index":"index","follow":"follow","max-snippet":"max-snippet:-1","max-image-preview":"max-image-preview:large","max-video-preview":"max-video-preview:-1"},"canonical":"https:\/\/armenian-duduk.com\/en\/product\/etui-pour-deux-duduks\/","og_locale":"en_US","og_type":"article","og_title":"\u00c9tui pour deux duduks","og_description":"D\u00e9couvrez sur la boutique d'Armenian duduk, notre \u00e9tui pour deux duduks.","og_url":"https:\/\/armenian-duduk.com\/en\/product\/etui-pour-deux-duduks\/","og_site_name":"Sari Woodwinds - Duduk arm\u00e9nien","og_image":[{"width":945,"height":1538,"url":"https:\/\/armenian-duduk.com\/wp-content\/uploads\/2026\/05\/etui.png","type":"image\/png"}],"twitter_card":"summary_large_image","twitter_misc":{"Est. reading time":"1 minute"},"schema":{"@context":"https:\/\/schema.org","@graph":[{"@type":"WebPage","@id":"https:\/\/armenian-duduk.com\/product\/etui-pour-deux-duduks\/","url":"https:\/\/armenian-duduk.com\/product\/etui-pour-deux-duduks\/","name":"\u00c9tui pour deux duduks","isPartOf":{"@id":"https:\/\/armenian-duduk.com\/#website"},"primaryImageOfPage":{"@id":"https:\/\/armenian-duduk.com\/product\/etui-pour-deux-duduks\/#primaryimage"},"image":{"@id":"https:\/\/armenian-duduk.com\/product\/etui-pour-deux-duduks\/#primaryimage"},"thumbnailUrl":"https:\/\/armenian-duduk.com\/wp-content\/uploads\/2026\/05\/etui.png","datePublished":"2026-05-05T05:05:36+00:00","description":"D\u00e9couvrez sur la boutique d'Armenian duduk, notre \u00e9tui pour deux duduks.","breadcrumb":{"@id":"https:\/\/armenian-duduk.com\/product\/etui-pour-deux-duduks\/#breadcrumb"},"inLanguage":"en-US","potentialAction":[{"@type":"ReadAction","target":["https:\/\/armenian-duduk.com\/product\/etui-pour-deux-duduks\/"]}]},{"@type":"ImageObject","inLanguage":"en-US","@id":"https:\/\/armenian-duduk.com\/product\/etui-pour-deux-duduks\/#primaryimage","url":"https:\/\/armenian-duduk.com\/wp-content\/uploads\/2026\/05\/etui.png","contentUrl":"https:\/\/armenian-duduk.com\/wp-content\/uploads\/2026\/05\/etui.png","width":945,"height":1538},{"@type":"BreadcrumbList","@id":"https:\/\/armenian-duduk.com\/product\/etui-pour-deux-duduks\/#breadcrumb","itemListElement":[{"@type":"ListItem","position":1,"name":"Accueil","item":"https:\/\/armenian-duduk.com\/"},{"@type":"ListItem","position":2,"name":"Shop","item":"https:\/\/armenian-duduk.com\/shop\/"},{"@type":"ListItem","position":3,"name":"\u00c9tui pour deux Duduks"}]},{"@type":"WebSite","@id":"https:\/\/armenian-duduk.com\/#website","url":"https:\/\/armenian-duduk.com\/","name":"Sari Woodwinds - Duduk arm\u00e9nien","description":"Atelier de duduks arm\u00e9niens","publisher":{"@id":"https:\/\/armenian-duduk.com\/#organization"},"potentialAction":[{"@type":"SearchAction","target":{"@type":"EntryPoint","urlTemplate":"https:\/\/armenian-duduk.com\/?s={search_term_string}"},"query-input":{"@type":"PropertyValueSpecification","valueRequired":true,"valueName":"search_term_string"}}],"inLanguage":"en-US"},{"@type":"Organization","@id":"https:\/\/armenian-duduk.com\/#organization","name":"Armenian Duduk","url":"https:\/\/armenian-duduk.com\/","logo":{"@type":"ImageObject","inLanguage":"en-US","@id":"https:\/\/armenian-duduk.com\/#\/schema\/logo\/image\/","url":"https:\/\/armenian-duduk.com\/wp-content\/uploads\/2022\/01\/cropped-icon.jpg","contentUrl":"https:\/\/armenian-duduk.com\/wp-content\/uploads\/2022\/01\/cropped-icon.jpg","width":512,"height":512,"caption":"Armenian Duduk"},"image":{"@id":"https:\/\/armenian-duduk.com\/#\/schema\/logo\/image\/"}}]}},"_links":{"self":[{"href":"https:\/\/armenian-duduk.com\/en\/wp-json\/wp\/v2\/product\/906","targetHints":{"allow":["GET"]}}],"collection":[{"href":"https:\/\/armenian-duduk.com\/en\/wp-json\/wp\/v2\/product"}],"about":[{"href":"https:\/\/armenian-duduk.com\/en\/wp-json\/wp\/v2\/types\/product"}],"replies":[{"embeddable":true,"href":"https:\/\/armenian-duduk.com\/en\/wp-json\/wp\/v2\/comments?post=906"}],"version-history":[{"count":1,"href":"https:\/\/armenian-duduk.com\/en\/wp-json\/wp\/v2\/product\/906\/revisions"}],"predecessor-version":[{"id":910,"href":"https:\/\/armenian-duduk.com\/en\/wp-json\/wp\/v2\/product\/906\/revisions\/910"}],"wp:featuredmedia":[{"embeddable":true,"href":"https:\/\/armenian-duduk.com\/en\/wp-json\/wp\/v2\/media\/909"}],"wp:attachment":[{"href":"https:\/\/armenian-duduk.com\/en\/wp-json\/wp\/v2\/media?parent=906"}],"wp:term":[{"taxonomy":"product_brand","embeddable":true,"href":"https:\/\/armenian-duduk.com\/en\/wp-json\/wp\/v2\/product_brand?post=906"},{"taxonomy":"product_cat","embeddable":true,"href":"https:\/\/armenian-duduk.com\/en\/wp-json\/wp\/v2\/product_cat?post=906"},{"taxonomy":"product_tag","embeddable":true,"href":"https:\/\/armenian-duduk.com\/en\/wp-json\/wp\/v2\/product_tag?post=906"}],"curies":[{"name":"wp","href":"https:\/\/api.w.org\/{rel}","templated":true}]}}